{"id":254,"date":"2026-04-16T17:00:22","date_gmt":"2026-04-16T17:00:22","guid":{"rendered":"https:\/\/essentiacateringclub.com\/?page_id=254"},"modified":"2026-05-06T15:35:17","modified_gmt":"2026-05-06T15:35:17","slug":"private-chef","status":"publish","type":"page","link":"https:\/\/essentiacateringclub.com\/it\/private-chef\/","title":{"rendered":"Private Chef"},"content":{"rendered":"<main id=\"top\" class=\"oxy-container-254-100 oxy-container main\"><div class=\"oxy-container-254-101 oxy-container animate-me page-hero--private-chef\"><h1 class=\"oxy-text-254-102 oxy-text animate-me\">\nPrivate Chef Experience\n<\/h1><a class=\"oxy-container-link-254-104 oxy-container-link page-hero_cta stack stack--center animate-me\" href=\"#section\" target=\"_self\"><div class=\"oxy-text-254-105 oxy-text\">\nScopri di pi\u00f9\n<\/div><div class=\"oxy-svg-icon-254-106 oxy-svg-icon\">\n<svg xmlns=\"http:\/\/www.w3.org\/2000\/svg\" viewbox=\"0 0 448 512\"><!--! Font Awesome Free 6.5.1 by @fontawesome - https:\/\/fontawesome.com License - https:\/\/fontawesome.com\/license\/free (Icons: CC BY 4.0, Fonts: SIL OFL 1.1, Code: MIT License) Copyright 2023 Fonticons, Inc. --><path d=\"M201.4 342.6c12.5 12.5 32.8 12.5 45.3 0l160-160c12.5-12.5 12.5-32.8 0-45.3s-32.8-12.5-45.3 0L224 274.7 86.6 137.4c-12.5-12.5-32.8-12.5-45.3 0s-12.5 32.8 0 45.3l160 160z\"\/><\/svg>\n<\/div><\/a><\/div><div id=\"section\" class=\"oxy-container-254-195 oxy-container home-about section cluster\"><div class=\"oxy-container-254-196 oxy-container home-about_content stack\"><div class=\"oxy-container-254-210 oxy-container eyebrow_wrapper\"><div class=\"oxy-container-81-100-81-1 oxy-container eyebrow animate-me oxy-container-81-100\" data-entrance=\"fade\"><div class=\"oxy-text-81-101-81-1 oxy-text eyebrow_text oxy-text-81-101\">\nChef privato\n<\/div><\/div><\/div><div class=\"oxy-container-254-197 oxy-container home-about_inner stack\"><h2 class=\"oxy-text-254-198 oxy-text h2 animate-me\">\nServizio di Chef a Domicilio<br> &amp; Private Dining<br>\n<\/h2><\/div><div id=\"home-about_inner--small\" class=\"oxy-container-254-202 oxy-container home-about_inner stack\"><div class=\"oxy-text-254-204 oxy-text p2 animate-me\">\nPortiamo l\u2019eccellenza del nostro ristorante e l'alta cucina toscana direttamente nell'intimit\u00e0 della vostra casa o della vostra villa. Un servizio esclusivo dove ogni men\u00f9 \u00e8 creato su misura per riflettere i vostri gusti, trasformando una cena privata in un\u2019esperienza gastronomica di alto livello, curata in ogni dettaglio.\n\nCollaboriamo con voi per ideare un percorso degustazione unico, basato su ingredienti freschi e di provenienza locale. \n\nChe si tratti di una cena tradizionale toscana, di un men\u00f9 gourmet contemporaneo o di esigenze alimentari specifiche, i nostri chef curano ogni portata con creativit\u00e0 e rigore tecnico.\n<\/div><\/div><\/div><div class=\"oxy-container-254-206 oxy-container home-about_media animate-me\"><div class=\"bde-gallery-254-207 bde-gallery\">\n\n\n  \n\n\n\n\n\n\n\n  \n\n  <div class=\"ee-gallery-swiper breakdance-swiper-wrapper\" data-swiper-id=\"207\">\n    <div class=\"swiper\">\n\n<div class=\"ee-gallery ee-gallery--gallery-slider ee-gallery--slider ee-gallery--single ee-gallery--lightbox ee-gallery-- ee-gallery--caption- ee-gallery--caption-none ee-gallery--custom swiper-wrapper\">\n                  \n      <a class=\"ee-gallery-item ee-gallery-item--image ee-gallery-item--single swiper-slide\" href=\"https:\/\/essentiacateringclub.com\/wp-content\/uploads\/2026\/04\/essentia-catering-club-17.webp\"  data-sub-html=\"<span><\/span>\" data-category=\"1\"                  data-lg-size=\"1633-2450\"\n\n      >\n        <figure class=\"ee-gallery-item-figure\">\n                        <img decoding=\"async\" class=\"breakdance-image-object\" src=\"https:\/\/essentiacateringclub.com\/wp-content\/uploads\/2026\/04\/essentia-catering-club-17.webp\" width=\"1633\" height=\"2450\" srcset=\"https:\/\/essentiacateringclub.com\/wp-content\/uploads\/2026\/04\/essentia-catering-club-17.webp 1633w, https:\/\/essentiacateringclub.com\/wp-content\/uploads\/2026\/04\/essentia-catering-club-17-200x300.webp 200w, https:\/\/essentiacateringclub.com\/wp-content\/uploads\/2026\/04\/essentia-catering-club-17-683x1024.webp 683w, https:\/\/essentiacateringclub.com\/wp-content\/uploads\/2026\/04\/essentia-catering-club-17-768x1152.webp 768w, https:\/\/essentiacateringclub.com\/wp-content\/uploads\/2026\/04\/essentia-catering-club-17-1024x1536.webp 1024w, https:\/\/essentiacateringclub.com\/wp-content\/uploads\/2026\/04\/essentia-catering-club-17-1365x2048.webp 1365w\" sizes=\"auto, (max-width: 1633px) 100vw, 1633px\" alt=\"piatto di tortelli gourmet\" loading=\"lazy\">\n          \n                  <\/figure>\n      <\/a>\n\n                \n      <a class=\"ee-gallery-item ee-gallery-item--image ee-gallery-item--single swiper-slide\" href=\"https:\/\/essentiacateringclub.com\/wp-content\/uploads\/2026\/04\/essentia-catering-club-30.webp\"  data-sub-html=\"<span><\/span>\" data-category=\"1\"                  data-lg-size=\"1792-1194\"\n\n      >\n        <figure class=\"ee-gallery-item-figure\">\n                        <img decoding=\"async\" class=\"breakdance-image-object\" src=\"https:\/\/essentiacateringclub.com\/wp-content\/uploads\/2026\/04\/essentia-catering-club-30.webp\" width=\"1792\" height=\"1194\" srcset=\"https:\/\/essentiacateringclub.com\/wp-content\/uploads\/2026\/04\/essentia-catering-club-30.webp 1792w, https:\/\/essentiacateringclub.com\/wp-content\/uploads\/2026\/04\/essentia-catering-club-30-300x200.webp 300w, https:\/\/essentiacateringclub.com\/wp-content\/uploads\/2026\/04\/essentia-catering-club-30-1024x682.webp 1024w, https:\/\/essentiacateringclub.com\/wp-content\/uploads\/2026\/04\/essentia-catering-club-30-768x512.webp 768w, https:\/\/essentiacateringclub.com\/wp-content\/uploads\/2026\/04\/essentia-catering-club-30-1536x1023.webp 1536w\" sizes=\"auto, (max-width: 1792px) 100vw, 1792px\" alt=\"piatto con del pesce\" loading=\"lazy\">\n          \n                  <\/figure>\n      <\/a>\n\n                \n      <a class=\"ee-gallery-item ee-gallery-item--image ee-gallery-item--single swiper-slide\" href=\"https:\/\/essentiacateringclub.com\/wp-content\/uploads\/2026\/04\/essentia-catering-club-37-scaled.webp\"  data-sub-html=\"<span><\/span>\" data-category=\"1\"                  data-lg-size=\"1707-2560\"\n\n      >\n        <figure class=\"ee-gallery-item-figure\">\n                        <img decoding=\"async\" class=\"breakdance-image-object\" src=\"https:\/\/essentiacateringclub.com\/wp-content\/uploads\/2026\/04\/essentia-catering-club-37-scaled.webp\" width=\"1707\" height=\"2560\" srcset=\"https:\/\/essentiacateringclub.com\/wp-content\/uploads\/2026\/04\/essentia-catering-club-37-scaled.webp 1707w, https:\/\/essentiacateringclub.com\/wp-content\/uploads\/2026\/04\/essentia-catering-club-37-200x300.webp 200w, https:\/\/essentiacateringclub.com\/wp-content\/uploads\/2026\/04\/essentia-catering-club-37-683x1024.webp 683w, https:\/\/essentiacateringclub.com\/wp-content\/uploads\/2026\/04\/essentia-catering-club-37-768x1152.webp 768w, https:\/\/essentiacateringclub.com\/wp-content\/uploads\/2026\/04\/essentia-catering-club-37-1024x1536.webp 1024w, https:\/\/essentiacateringclub.com\/wp-content\/uploads\/2026\/04\/essentia-catering-club-37-1366x2048.webp 1366w\" sizes=\"auto, (max-width: 1707px) 100vw, 1707px\" alt=\"persona che affetta il tartufo sopra un piatto di ravioli\" loading=\"lazy\">\n          \n                  <\/figure>\n      <\/a>\n\n      \n  <\/div>\n\n    <\/div>\n        \n            <div class=\"swiper-pagination\"><\/div>\n    \n  <\/div>\n\n\n<\/div><\/div><\/div><div class=\"oxy-container-254-211 oxy-container page-service-columns\"><img decoding=\"async\" class=\"oxy-image-254-212 oxy-image page-service-media animate-me\" src=\"https:\/\/essentiacateringclub.com\/wp-content\/uploads\/2026\/04\/essentia-catering-club-21.webp\" alt=\"piatti con sopra scampi, ravioli fatti a mano, fiori di zucca ed edamame\" loading=\"lazy\" srcset=\"https:\/\/essentiacateringclub.com\/wp-content\/uploads\/2026\/04\/essentia-catering-club-21.webp 1750w, https:\/\/essentiacateringclub.com\/wp-content\/uploads\/2026\/04\/essentia-catering-club-21-300x200.webp 300w, https:\/\/essentiacateringclub.com\/wp-content\/uploads\/2026\/04\/essentia-catering-club-21-1024x682.webp 1024w, https:\/\/essentiacateringclub.com\/wp-content\/uploads\/2026\/04\/essentia-catering-club-21-768x512.webp 768w, https:\/\/essentiacateringclub.com\/wp-content\/uploads\/2026\/04\/essentia-catering-club-21-1536x1023.webp 1536w\" sizes=\"(max-width: 1750px) 100vw, 1750px\"><div class=\"oxy-container-254-213 oxy-container page-service-column_content stack\"><h3 class=\"oxy-text-254-214 oxy-text animate-me\">\nServizio Completo \"Senza Pensieri\"\n<\/h3><div class=\"oxy-text-254-215 oxy-text animate-me\">\nCi occupiamo di tutto noi: dalla spesa accurata alla mise en place, fino al servizio a tavola e al riordino finale della cucina. Voi dovrete solo pensare a godervi la serata e i vostri ospiti; la nostra squadra garantir\u00e0 un servizio discreto, elegante e professionale, come nei migliori ristoranti.\n<\/div><div class=\"oxy-container-254-216 oxy-container page-service-cta stack animate-me\"><p class=\"oxy-text-254-217 oxy-text p2\">\nVuoi prenotare la tua prossima cena privata o richiedere un men\u00f9 d'esempio?\n<\/p><a class=\"oxy-text-link-254-218 oxy-text-link p2\" href=\"https:\/\/essentiacateringclub.com\/it\/contacts\/\" target=\"_self\">\nRichiedi un Preventivo \u2794\n<\/a><\/div><\/div><img decoding=\"async\" class=\"oxy-image-254-219 oxy-image page-service-media animate-me\" src=\"https:\/\/essentiacateringclub.com\/wp-content\/uploads\/2026\/04\/essentia-catering-club-14.webp\" alt=\"persona che taglia il prezzemolo\" loading=\"lazy\" srcset=\"https:\/\/essentiacateringclub.com\/wp-content\/uploads\/2026\/04\/essentia-catering-club-14.webp 1634w, https:\/\/essentiacateringclub.com\/wp-content\/uploads\/2026\/04\/essentia-catering-club-14-200x300.webp 200w, https:\/\/essentiacateringclub.com\/wp-content\/uploads\/2026\/04\/essentia-catering-club-14-683x1024.webp 683w, https:\/\/essentiacateringclub.com\/wp-content\/uploads\/2026\/04\/essentia-catering-club-14-768x1152.webp 768w, https:\/\/essentiacateringclub.com\/wp-content\/uploads\/2026\/04\/essentia-catering-club-14-1024x1536.webp 1024w, https:\/\/essentiacateringclub.com\/wp-content\/uploads\/2026\/04\/essentia-catering-club-14-1366x2048.webp 1366w\" sizes=\"(max-width: 1634px) 100vw, 1634px\"><\/div><div class=\"oxy-container-254-194 oxy-container page-service-form\"><div class=\"oxy-container-186-100-186-1 oxy-container home-porfolio stack animate-me oxy-container-186-100\"><div class=\"oxy-container-186-139-186-1 oxy-container home-portfolio_footer stack stack--center oxy-container-186-139\"><\/div><\/div><\/div><div class=\"oxy-container-254-221 oxy-container page-carousel stack--center\"><div class=\"oxy-container-81-100-81-2 oxy-container eyebrow animate-me oxy-container-81-100\" data-entrance=\"fade\"><div class=\"oxy-text-81-101-81-2 oxy-text eyebrow_text oxy-text-81-101\">\nI nostri eventi private chef\n<\/div><\/div><div class=\"oxy-container-254-225 oxy-container page-carosel_wrapper\"><div class=\"bde-gallery-254-224 bde-gallery\">\n\n\n  \n\n\n\n\n\n\n\n  \n\n  <div class=\"ee-gallery-swiper breakdance-swiper-wrapper\" data-swiper-id=\"224\">\n    <div class=\"swiper\">\n\n<div class=\"ee-gallery ee-gallery--gallery-slider ee-gallery--slider ee-gallery--single ee-gallery--lightbox ee-gallery-- ee-gallery--caption- ee-gallery--caption-none ee-gallery--custom swiper-wrapper\">\n                  \n      <a class=\"ee-gallery-item ee-gallery-item--image ee-gallery-item--single swiper-slide\" href=\"https:\/\/essentiacateringclub.com\/wp-content\/uploads\/2026\/04\/Essentia-1-1.webp\"  data-sub-html=\"<span><\/span>\" data-category=\"1\"                  data-lg-size=\"2500-1667\"\n\n      >\n        <figure class=\"ee-gallery-item-figure\">\n                        <img decoding=\"async\" class=\"breakdance-image-object\" src=\"https:\/\/essentiacateringclub.com\/wp-content\/uploads\/2026\/04\/Essentia-1-1.webp\" width=\"2500\" height=\"1667\" srcset=\"https:\/\/essentiacateringclub.com\/wp-content\/uploads\/2026\/04\/Essentia-1-1.webp 2500w, https:\/\/essentiacateringclub.com\/wp-content\/uploads\/2026\/04\/Essentia-1-1-300x200.webp 300w, https:\/\/essentiacateringclub.com\/wp-content\/uploads\/2026\/04\/Essentia-1-1-1024x683.webp 1024w, https:\/\/essentiacateringclub.com\/wp-content\/uploads\/2026\/04\/Essentia-1-1-768x512.webp 768w, https:\/\/essentiacateringclub.com\/wp-content\/uploads\/2026\/04\/Essentia-1-1-1536x1024.webp 1536w, https:\/\/essentiacateringclub.com\/wp-content\/uploads\/2026\/04\/Essentia-1-1-2048x1366.webp 2048w\" sizes=\"auto, (max-width: 2500px) 100vw, 2500px\" alt=\"persona che sta preparando la pasta fresca\" loading=\"lazy\">\n          \n                  <\/figure>\n      <\/a>\n\n                \n      <a class=\"ee-gallery-item ee-gallery-item--image ee-gallery-item--single swiper-slide\" href=\"https:\/\/essentiacateringclub.com\/wp-content\/uploads\/2026\/04\/private-chef-event-3.webp\"  data-sub-html=\"<span><\/span>\" data-category=\"1\"                  data-lg-size=\"1707-2560\"\n\n      >\n        <figure class=\"ee-gallery-item-figure\">\n                        <img decoding=\"async\" class=\"breakdance-image-object\" src=\"https:\/\/essentiacateringclub.com\/wp-content\/uploads\/2026\/04\/private-chef-event-3.webp\" width=\"1707\" height=\"2560\" srcset=\"https:\/\/essentiacateringclub.com\/wp-content\/uploads\/2026\/04\/private-chef-event-3.webp 1707w, https:\/\/essentiacateringclub.com\/wp-content\/uploads\/2026\/04\/private-chef-event-3-200x300.webp 200w, https:\/\/essentiacateringclub.com\/wp-content\/uploads\/2026\/04\/private-chef-event-3-683x1024.webp 683w, https:\/\/essentiacateringclub.com\/wp-content\/uploads\/2026\/04\/private-chef-event-3-768x1152.webp 768w, https:\/\/essentiacateringclub.com\/wp-content\/uploads\/2026\/04\/private-chef-event-3-1024x1536.webp 1024w, https:\/\/essentiacateringclub.com\/wp-content\/uploads\/2026\/04\/private-chef-event-3-1366x2048.webp 1366w, https:\/\/essentiacateringclub.com\/wp-content\/uploads\/2026\/04\/private-chef-event-3-8x12.webp 8w\" sizes=\"auto, (max-width: 1707px) 100vw, 1707px\" alt=\"gourmet plate\" loading=\"lazy\">\n          \n                  <\/figure>\n      <\/a>\n\n                \n      <a class=\"ee-gallery-item ee-gallery-item--image ee-gallery-item--single swiper-slide\" href=\"https:\/\/essentiacateringclub.com\/wp-content\/uploads\/2026\/04\/private-chef-event-5.webp\"  data-sub-html=\"<span><\/span>\" data-category=\"1\"                  data-lg-size=\"2560-1707\"\n\n      >\n        <figure class=\"ee-gallery-item-figure\">\n                        <img decoding=\"async\" class=\"breakdance-image-object\" src=\"https:\/\/essentiacateringclub.com\/wp-content\/uploads\/2026\/04\/private-chef-event-5.webp\" width=\"2560\" height=\"1707\" srcset=\"https:\/\/essentiacateringclub.com\/wp-content\/uploads\/2026\/04\/private-chef-event-5.webp 2560w, https:\/\/essentiacateringclub.com\/wp-content\/uploads\/2026\/04\/private-chef-event-5-300x200.webp 300w, https:\/\/essentiacateringclub.com\/wp-content\/uploads\/2026\/04\/private-chef-event-5-1024x683.webp 1024w, https:\/\/essentiacateringclub.com\/wp-content\/uploads\/2026\/04\/private-chef-event-5-768x512.webp 768w, https:\/\/essentiacateringclub.com\/wp-content\/uploads\/2026\/04\/private-chef-event-5-1536x1024.webp 1536w, https:\/\/essentiacateringclub.com\/wp-content\/uploads\/2026\/04\/private-chef-event-5-2048x1366.webp 2048w, https:\/\/essentiacateringclub.com\/wp-content\/uploads\/2026\/04\/private-chef-event-5-18x12.webp 18w\" sizes=\"auto, (max-width: 2560px) 100vw, 2560px\" alt=\"gourmet plate\" loading=\"lazy\">\n          \n                  <\/figure>\n      <\/a>\n\n                \n      <a class=\"ee-gallery-item ee-gallery-item--image ee-gallery-item--single swiper-slide\" href=\"https:\/\/essentiacateringclub.com\/wp-content\/uploads\/2026\/04\/essentia-catering-club-32-scaled.webp\"  data-sub-html=\"<span><\/span>\" data-category=\"1\"                  data-lg-size=\"1708-2560\"\n\n      >\n        <figure class=\"ee-gallery-item-figure\">\n                        <img decoding=\"async\" class=\"breakdance-image-object\" src=\"https:\/\/essentiacateringclub.com\/wp-content\/uploads\/2026\/04\/essentia-catering-club-32-scaled.webp\" width=\"1708\" height=\"2560\" srcset=\"https:\/\/essentiacateringclub.com\/wp-content\/uploads\/2026\/04\/essentia-catering-club-32-scaled.webp 1708w, https:\/\/essentiacateringclub.com\/wp-content\/uploads\/2026\/04\/essentia-catering-club-32-200x300.webp 200w, https:\/\/essentiacateringclub.com\/wp-content\/uploads\/2026\/04\/essentia-catering-club-32-683x1024.webp 683w, https:\/\/essentiacateringclub.com\/wp-content\/uploads\/2026\/04\/essentia-catering-club-32-768x1151.webp 768w, https:\/\/essentiacateringclub.com\/wp-content\/uploads\/2026\/04\/essentia-catering-club-32-1025x1536.webp 1025w, https:\/\/essentiacateringclub.com\/wp-content\/uploads\/2026\/04\/essentia-catering-club-32-1366x2048.webp 1366w\" sizes=\"auto, (max-width: 1708px) 100vw, 1708px\" alt=\"persona che sta impiattando dei ravioli\" loading=\"lazy\">\n          \n                  <\/figure>\n      <\/a>\n\n                \n      <a class=\"ee-gallery-item ee-gallery-item--image ee-gallery-item--single swiper-slide\" href=\"https:\/\/essentiacateringclub.com\/wp-content\/uploads\/2026\/04\/essentia-catering-club-35.webp\"  data-sub-html=\"<span><\/span>\" data-category=\"1\"                  data-lg-size=\"2500-1667\"\n\n      >\n        <figure class=\"ee-gallery-item-figure\">\n                        <img decoding=\"async\" class=\"breakdance-image-object\" src=\"https:\/\/essentiacateringclub.com\/wp-content\/uploads\/2026\/04\/essentia-catering-club-35.webp\" width=\"2500\" height=\"1667\" srcset=\"https:\/\/essentiacateringclub.com\/wp-content\/uploads\/2026\/04\/essentia-catering-club-35.webp 2500w, https:\/\/essentiacateringclub.com\/wp-content\/uploads\/2026\/04\/essentia-catering-club-35-300x200.webp 300w, https:\/\/essentiacateringclub.com\/wp-content\/uploads\/2026\/04\/essentia-catering-club-35-1024x683.webp 1024w, https:\/\/essentiacateringclub.com\/wp-content\/uploads\/2026\/04\/essentia-catering-club-35-768x512.webp 768w, https:\/\/essentiacateringclub.com\/wp-content\/uploads\/2026\/04\/essentia-catering-club-35-1536x1024.webp 1536w, https:\/\/essentiacateringclub.com\/wp-content\/uploads\/2026\/04\/essentia-catering-club-35-2048x1366.webp 2048w\" sizes=\"auto, (max-width: 2500px) 100vw, 2500px\" alt=\"persona che cucina i gamberoni in una padella\" loading=\"lazy\">\n          \n                  <\/figure>\n      <\/a>\n\n                \n      <a class=\"ee-gallery-item ee-gallery-item--image ee-gallery-item--single swiper-slide\" href=\"https:\/\/essentiacateringclub.com\/wp-content\/uploads\/2026\/04\/essentia-catering-club-13-scaled.webp\"  data-sub-html=\"<span><\/span>\" data-category=\"1\"                  data-lg-size=\"2560-1707\"\n\n      >\n        <figure class=\"ee-gallery-item-figure\">\n                        <img decoding=\"async\" class=\"breakdance-image-object\" src=\"https:\/\/essentiacateringclub.com\/wp-content\/uploads\/2026\/04\/essentia-catering-club-13-scaled.webp\" width=\"2560\" height=\"1707\" srcset=\"https:\/\/essentiacateringclub.com\/wp-content\/uploads\/2026\/04\/essentia-catering-club-13-scaled.webp 2560w, https:\/\/essentiacateringclub.com\/wp-content\/uploads\/2026\/04\/essentia-catering-club-13-300x200.webp 300w, https:\/\/essentiacateringclub.com\/wp-content\/uploads\/2026\/04\/essentia-catering-club-13-1024x683.webp 1024w, https:\/\/essentiacateringclub.com\/wp-content\/uploads\/2026\/04\/essentia-catering-club-13-768x512.webp 768w, https:\/\/essentiacateringclub.com\/wp-content\/uploads\/2026\/04\/essentia-catering-club-13-1536x1024.webp 1536w, https:\/\/essentiacateringclub.com\/wp-content\/uploads\/2026\/04\/essentia-catering-club-13-2048x1365.webp 2048w\" sizes=\"auto, (max-width: 2560px) 100vw, 2560px\" alt=\"persona che taglia la pizza con la rotellina\" loading=\"lazy\">\n          \n                  <\/figure>\n      <\/a>\n\n      \n  <\/div>\n\n    <\/div>\n        \n            <div class=\"swiper-pagination\"><\/div>\n    \n  <\/div>\n\n\n<\/div><\/div><\/div><div class=\"oxy-container-254-222 oxy-container page-review_wrapper stack--center\"><div class=\"oxy-container-232-100-232-1 oxy-container review stack oxy-container-232-100\"><div class=\"oxy-container-232-101-232-1 oxy-container stack stack--left oxy-container-232-101\"><div class=\"oxy-container-81-100-232-1-81-1 oxy-container eyebrow animate-me oxy-container-81-100\" data-entrance=\"fade\"><div class=\"oxy-text-81-101-232-1-81-1 oxy-text eyebrow_text oxy-text-81-101\">\nRecensioni\n<\/div><\/div><\/div><div class=\"oxy-container-232-103-232-1 oxy-container review_header stack animate-me oxy-container-232-103\"><h3 class=\"oxy-text-232-104-232-1 oxy-text oxy-text-232-104\">\nLe recensioni dei nostri\u00a0clienti\u00a0sono il nostro miglior biglietto da visita\n<\/h3><p class=\"oxy-text-232-105-232-1 oxy-text p1 oxy-text-232-105\">\nCosa dicono di noi\n<\/p><\/div><\/div><\/div><\/main>","protected":false},"excerpt":{"rendered":"<p>Private Chef Experience Learn more Private chef In-Home Chef &#038; Private Dining Services. The excellence of haute cuisine meets the intimacy of your home. Essentia Catering Club brings the Michelin-star experience directly to your dining room, taking care of every detail: from the creation of a personalized menu to impeccable table service. Complete &#8220;Peace of [&hellip;]<\/p>\n","protected":false},"author":1,"featured_media":0,"parent":0,"menu_order":0,"comment_status":"closed","ping_status":"closed","template":"","meta":{"_acf_changed":false,"_oxygen_hide_in_design_set":false,"_oxygen_tags":"","footnotes":""},"class_list":["post-254","page","type-page","status-publish","hentry"],"acf":[],"_links":{"self":[{"href":"https:\/\/essentiacateringclub.com\/it\/wp-json\/wp\/v2\/pages\/254","targetHints":{"allow":["GET"]}}],"collection":[{"href":"https:\/\/essentiacateringclub.com\/it\/wp-json\/wp\/v2\/pages"}],"about":[{"href":"https:\/\/essentiacateringclub.com\/it\/wp-json\/wp\/v2\/types\/page"}],"author":[{"embeddable":true,"href":"https:\/\/essentiacateringclub.com\/it\/wp-json\/wp\/v2\/users\/1"}],"replies":[{"embeddable":true,"href":"https:\/\/essentiacateringclub.com\/it\/wp-json\/wp\/v2\/comments?post=254"}],"version-history":[{"count":18,"href":"https:\/\/essentiacateringclub.com\/it\/wp-json\/wp\/v2\/pages\/254\/revisions"}],"predecessor-version":[{"id":806,"href":"https:\/\/essentiacateringclub.com\/it\/wp-json\/wp\/v2\/pages\/254\/revisions\/806"}],"wp:attachment":[{"href":"https:\/\/essentiacateringclub.com\/it\/wp-json\/wp\/v2\/media?parent=254"}],"curies":[{"name":"wp","href":"https:\/\/api.w.org\/{rel}","templated":true}]}}